{"id":16,"date":"2015-12-20T14:03:06","date_gmt":"2015-12-20T13:03:06","guid":{"rendered":"http:\/\/masterton.mecreant.org\/?page_id=16"},"modified":"2016-03-03T10:36:58","modified_gmt":"2016-03-03T09:36:58","slug":"presentation","status":"publish","type":"page","link":"https:\/\/masterton.noosfere.org\/","title":{"rendered":"Accueil"},"content":{"rendered":"<div id=\"attachment_157\" style=\"width: 212px\" class=\"wp-caption alignright\"><img loading=\"lazy\" decoding=\"async\" aria-describedby=\"caption-attachment-157\" class=\"wp-image-157\" src=\"https:\/\/masterton.noosfere.org\/wp-content\/uploads\/2015\/12\/Marc-Bailly-300x300.jpg\" alt=\"Marc-Bailly\" width=\"202\" height=\"202\" srcset=\"https:\/\/masterton.noosfere.org\/wp-content\/uploads\/2015\/12\/Marc-Bailly-300x300.jpg 300w, https:\/\/masterton.noosfere.org\/wp-content\/uploads\/2015\/12\/Marc-Bailly-150x150.jpg 150w, https:\/\/masterton.noosfere.org\/wp-content\/uploads\/2015\/12\/Marc-Bailly.jpg 477w\" sizes=\"auto, (max-width: 202px) 100vw, 202px\" \/><p id=\"caption-attachment-157\" class=\"wp-caption-text\">Marc Bailly<\/p><\/div>\n<p style=\"text-align: justify;\">Le Prix Masterton a \u00e9t\u00e9 cr\u00e9\u00e9 en l&rsquo;an 2000 par Marc Bailly, pour rendre hommage \u00e0 un \u00e9crivain qui a marqu\u00e9 de son empreinte la litt\u00e9rature Fantastique depuis la fin des ann\u00e9es 1970.<\/p>\n<p style=\"text-align: justify;\">Graham Masterton alimente nos peurs depuis plus de trente-cinq ans. On lui doit des romans tels que \u00ab Manitou \u00bb, \u00ab La Maison de chair \u00bb, \u00ab Le D\u00e9mon des morts \u00bb, \u00ab Le Portrait du Mal \u00bb, \u00ab Le Diable en gris \u00bb ou la s\u00e9rie des Jim Rook. Mais Masterton ne rime pas seulement avec indien, sang et femmes nues ! Il a construit une oeuvre coh\u00e9rente, faite d&rsquo;images fortes, de th\u00e9matiques passionnantes et de r\u00e9interpr\u00e9tation intelligente des mythes et l\u00e9gendes anciennes. Le tout dans un style direct, hautement visuel, qui offre aux lecteurs l&rsquo;essence m\u00eame du roman populaire\u00a0: le divertissement ET la r\u00e9flexion.<\/p>\n<p style=\"text-align: justify;\">Les oeuvres prim\u00e9es ici le sont dans trois cat\u00e9gories (meilleur roman francophone, meilleur roman traduit, meilleure nouvelle), toutes relevant du fantastique.<\/p>\n<p style=\"text-align: justify;\">Ce concours est reconnu dans la profession. Avoir la banderole du prix Masterton en premi\u00e8re de couverture sur une \u00e9dition est devenu un gage de qualit\u00e9. Celui-ci influence consid\u00e9rablement la confiance des lecteurs dans leurs choix de roman.<\/p>\n<p style=\"text-align: justify;\">Ce site vous permettra de d\u00e9couvrir les membres du jury, pr\u00e9sents et pass\u00e9s, les laur\u00e9ats des diff\u00e9rentes cat\u00e9gories, mais aussi certains finalistes, les modalit\u00e9s d&rsquo;attribution du Prix et d&rsquo;autres surprises.<\/p>\n<p style=\"text-align: justify;\">Ce site grandira et s&rsquo;enrichira au fil du temps. N&rsquo;h\u00e9sitez pas \u00e0 nous faire part de vos suggestions.<\/p>\n<p style=\"text-align: justify;\">Bonne visite et \u00e0 bient\u00f4t&#8230;<\/p>\n","protected":false},"excerpt":{"rendered":"<p>Le Prix Masterton a \u00e9t\u00e9 cr\u00e9\u00e9 en l&rsquo;an 2000 par Marc Bailly, pour rendre hommage \u00e0 un \u00e9crivain qui a marqu\u00e9 de son empreinte la litt\u00e9rature Fantastique depuis la fin des ann\u00e9es 1970. Graham Masterton alimente nos peurs depuis plus &hellip; <a href=\"https:\/\/masterton.noosfere.org\/\">Continuer la lecture <span class=\"meta-nav\">&rarr;<\/span><\/a><\/p>\n","protected":false},"author":1,"featured_media":0,"parent":0,"menu_order":0,"comment_status":"closed","ping_status":"closed","template":"","meta":{"footnotes":""},"class_list":["post-16","page","type-page","status-publish","hentry"],"_links":{"self":[{"href":"https:\/\/masterton.noosfere.org\/index.php\/wp-json\/wp\/v2\/pages\/16","targetHints":{"allow":["GET"]}}],"collection":[{"href":"https:\/\/masterton.noosfere.org\/index.php\/wp-json\/wp\/v2\/pages"}],"about":[{"href":"https:\/\/masterton.noosfere.org\/index.php\/wp-json\/wp\/v2\/types\/page"}],"author":[{"embeddable":true,"href":"https:\/\/masterton.noosfere.org\/index.php\/wp-json\/wp\/v2\/users\/1"}],"replies":[{"embeddable":true,"href":"https:\/\/masterton.noosfere.org\/index.php\/wp-json\/wp\/v2\/comments?post=16"}],"version-history":[{"count":4,"href":"https:\/\/masterton.noosfere.org\/index.php\/wp-json\/wp\/v2\/pages\/16\/revisions"}],"predecessor-version":[{"id":160,"href":"https:\/\/masterton.noosfere.org\/index.php\/wp-json\/wp\/v2\/pages\/16\/revisions\/160"}],"wp:attachment":[{"href":"https:\/\/masterton.noosfere.org\/index.php\/wp-json\/wp\/v2\/media?parent=16"}],"curies":[{"name":"wp","href":"https:\/\/api.w.org\/{rel}","templated":true}]}}